{"id":2579,"date":"2023-02-10T16:09:56","date_gmt":"2023-02-10T16:09:56","guid":{"rendered":"https:\/\/strippersbarcelona.com\/otros-shows\/"},"modified":"2023-05-15T07:17:53","modified_gmt":"2023-05-15T07:17:53","slug":"otros-shows","status":"publish","type":"page","link":"https:\/\/strippersbarcelona.com\/fr\/otros-shows\/","title":{"rendered":"Autres shows"},"content":{"rendered":"<style>.elementor-2579 .elementor-element.elementor-element-da074be > .elementor-container > .elementor-column > .elementor-widget-wrap{align-content:center;align-items:center;}.elementor-2579 .elementor-element.elementor-element-da074be:not(.elementor-motion-effects-element-type-background), .elementor-2579 .elementor-element.elementor-element-da074be > .elementor-motion-effects-container > .elementor-motion-effects-layer{background-image:url(\"https:\/\/strippersbarcelona.com\/wp-content\/uploads\/2023\/02\/banner-5-1.webp\");background-position:center right;background-repeat:no-repeat;background-size:50vw auto;}.elementor-2579 .elementor-element.elementor-element-da074be > .elementor-background-overlay{background-color:transparent;background-image:linear-gradient(90deg, #0E0837 55%, #D7146240 100%);opacity:1;transition:background 0.3s, border-radius 0.3s, opacity 0.3s;}.elementor-2579 .elementor-element.elementor-element-da074be{transition:background 0.3s, border 0.3s, border-radius 0.3s, box-shadow 0.3s;padding:5em 0em 5em 0em;}.elementor-2579 .elementor-element.elementor-element-15fce33:not(.elementor-motion-effects-element-type-background) > .elementor-widget-wrap, .elementor-2579 .elementor-element.elementor-element-15fce33 > .elementor-widget-wrap > .elementor-motion-effects-container > .elementor-motion-effects-layer{background-image:url(\"https:\/\/strippersbarcelona.com\/wp-content\/uploads\/2023\/02\/memphis_1.png\");background-position:center left;background-repeat:no-repeat;background-size:contain;}.elementor-2579 .elementor-element.elementor-element-15fce33 > .elementor-element-populated{transition:background 0.3s, border 0.3s, border-radius 0.3s, box-shadow 0.3s;padding:5em 5em 5em 5em;}.elementor-2579 .elementor-element.elementor-element-15fce33 > .elementor-element-populated > .elementor-background-overlay{transition:background 0.3s, border-radius 0.3s, opacity 0.3s;}.elementor-2579 .elementor-element.elementor-element-04c9261{padding:5em 0em 5em 0em;}.elementor-2579 .elementor-element.elementor-element-9623fa1{text-align:center;}.elementor-2579 .elementor-element.elementor-element-1f21f42{text-align:center;}.elementor-2579 .elementor-element.elementor-element-128ec33{--spacer-size:50px;}.elementor-2579 .elementor-element.elementor-element-47164d7 .pp-post-terms > .pp-post-term:not(:last-child):after{content:\",\";}.elementor-2579 .elementor-element.elementor-element-47164d7 .pp-posts-container .pp-post-thumbnail-wrap{padding-bottom:calc( 1.5 * 100% );}.elementor-2579 .elementor-element.elementor-element-47164d7{--grid-column-gap:25px;--grid-row-gap:25px;}.elementor-2579 .elementor-element.elementor-element-47164d7 .pp-posts:not(.elementor-grid){margin-left:-25px;}.elementor-2579 .elementor-element.elementor-element-47164d7 .pp-posts:not(.elementor-grid) .pp-post-wrap{padding-left:25px;}.elementor-2579 .elementor-element.elementor-element-47164d7 .pp-elementor-grid .pp-grid-item-wrap{margin-bottom:25px;}.elementor-2579 .elementor-element.elementor-element-47164d7 .pp-post-content-wrap{text-align:center;}.elementor-2579 .elementor-element.elementor-element-47164d7 .pp-post-thumbnail{margin-bottom:20px;}.elementor-2579 .elementor-element.elementor-element-47164d7 .pp-post-terms-wrap{margin-bottom:10px;}.elementor-2579 .elementor-element.elementor-element-47164d7 .pp-post-terms .pp-post-term:not(:last-child){margin-right:5px;}.elementor-2579 .elementor-element.elementor-element-47164d7 .pp-post-title{margin-bottom:20px;}.elementor-2579 .elementor-element.elementor-element-47164d7 .pp-post-excerpt{margin-bottom:20px;}:root{--page-title-display:none;}@media(max-width:1024px){.elementor-2579 .elementor-element.elementor-element-da074be:not(.elementor-motion-effects-element-type-background), .elementor-2579 .elementor-element.elementor-element-da074be > .elementor-motion-effects-container > .elementor-motion-effects-layer{background-position:175px 0px;background-size:100% auto;}}@media(max-width:767px){.elementor-2579 .elementor-element.elementor-element-da074be:not(.elementor-motion-effects-element-type-background), .elementor-2579 .elementor-element.elementor-element-da074be > .elementor-motion-effects-container > .elementor-motion-effects-layer{background-position:top center;background-size:cover;}.elementor-2579 .elementor-element.elementor-element-da074be{padding:5em 0em 5em 0em;}.elementor-2579 .elementor-element.elementor-element-15fce33 > .elementor-element-populated{padding:2em 2em 2em 2em;}.elementor-2579 .elementor-element.elementor-element-e8ddd64{text-align:center;}.elementor-2579 .elementor-element.elementor-element-47164d7 .pp-posts-container .pp-post-thumbnail-wrap{padding-bottom:calc( 1 * 100% );}}<\/style>\t\t<div data-elementor-type=\"wp-page\" data-elementor-id=\"2579\" class=\"elementor elementor-2579 elementor-175\" data-elementor-post-type=\"page\">\n\t\t\t\t\t\t<section class=\"elementor-section elementor-top-section elementor-element elementor-element-da074be elementor-section-content-middle elementor-section-boxed elementor-section-height-default elementor-section-height-default\" data-id=\"da074be\" data-element_type=\"section\" data-settings=\"{&quot;background_background&quot;:&quot;classic&quot;}\">\n\t\t\t\t\t\t\t<div class=\"elementor-background-overlay\"><\/div>\n\t\t\t\t\t\t\t<div class=\"elementor-container elementor-column-gap-default\">\n\t\t\t\t\t<div class=\"elementor-column elementor-col-100 elementor-top-column elementor-element elementor-element-15fce33\" data-id=\"15fce33\" data-element_type=\"column\" data-settings=\"{&quot;background_background&quot;:&quot;classic&quot;}\">\n\t\t\t<div class=\"elementor-widget-wrap elementor-element-populated\">\n\t\t\t\t\t\t<div class=\"elementor-element elementor-element-e8ddd64 elementor-widget elementor-widget-heading\" data-id=\"e8ddd64\" data-element_type=\"widget\" data-widget_type=\"heading.default\">\n\t\t\t\t<div class=\"elementor-widget-container\">\n\t\t\t\t\t<h1 class=\"elementor-heading-title elementor-size-default\">Autres shows<\/h1>\t\t\t\t<\/div>\n\t\t\t\t<\/div>\n\t\t\t\t\t<\/div>\n\t\t<\/div>\n\t\t\t\t\t<\/div>\n\t\t<\/section>\n\t\t\t\t<section class=\"elementor-section elementor-top-section elementor-element elementor-element-04c9261 elementor-section-boxed elementor-section-height-default elementor-section-height-default\" data-id=\"04c9261\" data-element_type=\"section\">\n\t\t\t\t\t\t<div class=\"elementor-container elementor-column-gap-default\">\n\t\t\t\t\t<div class=\"elementor-column elementor-col-100 elementor-top-column elementor-element elementor-element-9935e2f\" data-id=\"9935e2f\" data-element_type=\"column\">\n\t\t\t<div class=\"elementor-widget-wrap elementor-element-populated\">\n\t\t\t\t\t\t<div class=\"elementor-element elementor-element-9623fa1 elementor-widget elementor-widget-heading\" data-id=\"9623fa1\" data-element_type=\"widget\" data-widget_type=\"heading.default\">\n\t\t\t\t<div class=\"elementor-widget-container\">\n\t\t\t\t\t<h6 class=\"elementor-heading-title elementor-size-default\">Engager<\/h6>\t\t\t\t<\/div>\n\t\t\t\t<\/div>\n\t\t\t\t<div class=\"elementor-element elementor-element-1f21f42 elementor-widget elementor-widget-heading\" data-id=\"1f21f42\" data-element_type=\"widget\" data-widget_type=\"heading.default\">\n\t\t\t\t<div class=\"elementor-widget-container\">\n\t\t\t\t\t<h2 class=\"elementor-heading-title elementor-size-default\">Autres spectacles<\/h2>\t\t\t\t<\/div>\n\t\t\t\t<\/div>\n\t\t\t\t<div class=\"elementor-element elementor-element-128ec33 elementor-widget elementor-widget-spacer\" data-id=\"128ec33\" data-element_type=\"widget\" data-widget_type=\"spacer.default\">\n\t\t\t\t<div class=\"elementor-widget-container\">\n\t\t\t\t\t\t\t<div class=\"elementor-spacer\">\n\t\t\t<div class=\"elementor-spacer-inner\"><\/div>\n\t\t<\/div>\n\t\t\t\t\t\t<\/div>\n\t\t\t\t<\/div>\n\t\t\t\t<div class=\"elementor-element elementor-element-47164d7 elementor-grid-4 pp-equal-height-yes pp-posts-thumbnail-ratio elementor-grid-tablet-2 elementor-grid-mobile-1 elementor-invisible elementor-widget elementor-widget-pp-posts\" data-id=\"47164d7\" data-element_type=\"widget\" data-settings=\"{&quot;_animation&quot;:&quot;fadeIn&quot;}\" data-widget_type=\"pp-posts.classic\">\n\t\t\t\t<div class=\"elementor-widget-container\">\n\t\t\t\t\t\t\t<div class=\"pp-posts-container\">\n\t\t\t\n\t\t\t\t\t\t\t\t\t\t\n\t\t\t<div class=\"pp-posts pp-posts-skin-classic elementor-grid pp-posts-grid\" data-query-type=\"custom\" data-layout=\"grid\" data-page=\"2579\" data-skin=\"classic\">\n\t\t\t\t\t\t\t\t\t\t\t<div class=\"pp-post-wrap pp-grid-item-wrap elementor-grid-item post-4629 post type-post status-publish format-standard has-post-thumbnail hentry category-cat-autres-spectacles\">\n\t\t\t\t\t\t<div class=\"pp-post pp-grid-item\">\n\t\t\t\t\t\t<div class=\"pp-post-thumbnail\">\n\t\t\t<a class=\"pp-post-thumbnail-wrap\" href=\"https:\/\/strippersbarcelona.com\/fr\/majordome-sexy-pour-enterrements-de-vie-de-jeune-fille\/\" title=\"Majordome sexy pour enterrements de vie de jeune fille\">\n\t\t\t\t<img fetchpriority=\"high\" decoding=\"async\" width=\"1016\" height=\"824\" src=\"https:\/\/strippersbarcelona.com\/wp-content\/uploads\/2025\/05\/boy-Cheeky-Butler-Barcelona.jpg\" class=\"attachment-full size-full wp-image-4621\" alt=\"Cheeky Butler Barcelona\" srcset=\"https:\/\/strippersbarcelona.com\/wp-content\/uploads\/2025\/05\/boy-Cheeky-Butler-Barcelona.jpg 1016w, https:\/\/strippersbarcelona.com\/wp-content\/uploads\/2025\/05\/boy-Cheeky-Butler-Barcelona-300x243.jpg 300w, https:\/\/strippersbarcelona.com\/wp-content\/uploads\/2025\/05\/boy-Cheeky-Butler-Barcelona-768x623.jpg 768w\" sizes=\"(max-width: 1016px) 100vw, 1016px\" \/>\t\t\t<\/a>\n\t\t<\/div>\n\t\t\n\t\t\t\t\n\t\t\t\t<div class=\"pp-post-content-wrap\">\n\t\t\t\t\t<div class=\"pp-post-content\">\n\t\t\t\t\t\t\t\t\t\t\t\t<h2 class=\"pp-post-title\">\n\t\t\t\t<a href=\"https:\/\/strippersbarcelona.com\/fr\/majordome-sexy-pour-enterrements-de-vie-de-jeune-fille\/\">Majordome sexy pour enterrements de vie de jeune fille<\/a>\t\t\t<\/h2>\n\t\t\t\t\t\t\t<div class=\"pp-post-excerpt\">\n\t\t\tMajordome sexy pour enterrements de vie de jeune fille. Pour une f\u00eate qui fera parler d'elle, il vous faut quelque...\t\t<\/div>\n\t\t\t\t\t\t\t\t\t<\/div>\n\t\t\t\t\t\t\t\t\t<a class=\"pp-posts-button elementor-button elementor-size-sm\" href=\"https:\/\/strippersbarcelona.com\/fr\/majordome-sexy-pour-enterrements-de-vie-de-jeune-fille\/\" title=\"Majordome sexy pour enterrements de vie de jeune fille\" aria-label=\"Read more about Majordome sexy pour enterrements de vie de jeune fille\">\n\t\t\t\t\t\t\t\t\t\t<span class=\"pp-button-text\">\n\t\t\t\t\t+ INFO\t\t\t\t<\/span>\n\t\t\t\t\t\t\t\t\t<span class=\"pp-button-icon elementor-button-icon elementor-align-icon-right\">\n\t\t\t\t\t\t\t<\/span>\n\t\t\t\t\t<\/a>\n\t\t\t\t\t\t\t\t<\/div>\n\n\t\t\t\t\t\t\t<\/div>\n\t\t\t\t\t<\/div>\n\t\t\t\t<div class=\"pp-post-wrap pp-grid-item-wrap elementor-grid-item post-2959 post type-post status-publish format-standard has-post-thumbnail hentry category-cat-autres-spectacles category-cat-strippers-girls-fr\">\n\t\t\t\t\t\t<div class=\"pp-post pp-grid-item\">\n\t\t\t\t\t\t<div class=\"pp-post-thumbnail\">\n\t\t\t<a class=\"pp-post-thumbnail-wrap\" href=\"https:\/\/strippersbarcelona.com\/fr\/nain\/\" title=\"Une naine Stripper show sp\u00e9cial: \u00ab\u00a0Le Mini-stripper\u00a0\u00bb\">\n\t\t\t\t<img decoding=\"async\" width=\"290\" height=\"442\" src=\"https:\/\/strippersbarcelona.com\/wp-content\/uploads\/2023\/02\/saraone_01.jpg\" class=\"attachment-full size-full wp-image-2059\" alt=\"enana stripper \u00fanica en Barcelona\" srcset=\"https:\/\/strippersbarcelona.com\/wp-content\/uploads\/2023\/02\/saraone_01.jpg 290w, https:\/\/strippersbarcelona.com\/wp-content\/uploads\/2023\/02\/saraone_01-197x300.jpg 197w\" sizes=\"(max-width: 290px) 100vw, 290px\" \/>\t\t\t<\/a>\n\t\t<\/div>\n\t\t\n\t\t\t\t\n\t\t\t\t<div class=\"pp-post-content-wrap\">\n\t\t\t\t\t<div class=\"pp-post-content\">\n\t\t\t\t\t\t\t\t\t\t\t\t<h2 class=\"pp-post-title\">\n\t\t\t\t<a href=\"https:\/\/strippersbarcelona.com\/fr\/nain\/\">Une naine Stripper show sp\u00e9cial: \u00ab\u00a0Le Mini-stripper\u00a0\u00bb<\/a>\t\t\t<\/h2>\n\t\t\t\t\t\t\t<div class=\"pp-post-excerpt\">\n\t\t\t\u00a0 \u00a0 Une aile \u00e9rotique mais amusant spectacle de temps? une naine stripper!!Sara est votre fille! Fermez vos yeux et...\t\t<\/div>\n\t\t\t\t\t\t\t\t\t<\/div>\n\t\t\t\t\t\t\t\t\t<a class=\"pp-posts-button elementor-button elementor-size-sm\" href=\"https:\/\/strippersbarcelona.com\/fr\/nain\/\" title=\"Une naine Stripper show sp\u00e9cial: \u00ab\u00a0Le Mini-stripper\u00a0\u00bb\" aria-label=\"Read more about Une naine Stripper show sp\u00e9cial: \u00ab\u00a0Le Mini-stripper\u00a0\u00bb\">\n\t\t\t\t\t\t\t\t\t\t<span class=\"pp-button-text\">\n\t\t\t\t\t+ INFO\t\t\t\t<\/span>\n\t\t\t\t\t\t\t\t\t<span class=\"pp-button-icon elementor-button-icon elementor-align-icon-right\">\n\t\t\t\t\t\t\t<\/span>\n\t\t\t\t\t<\/a>\n\t\t\t\t\t\t\t\t<\/div>\n\n\t\t\t\t\t\t\t<\/div>\n\t\t\t\t\t<\/div>\n\t\t\t\t<div class=\"pp-post-wrap pp-grid-item-wrap elementor-grid-item post-2790 post type-post status-publish format-standard has-post-thumbnail hentry category-cat-autres-spectacles category-cat-strippers-boys-fr\">\n\t\t\t\t\t\t<div class=\"pp-post pp-grid-item\">\n\t\t\t\t\t\t<div class=\"pp-post-thumbnail\">\n\t\t\t<a class=\"pp-post-thumbnail-wrap\" href=\"https:\/\/strippersbarcelona.com\/fr\/show-especial-enanito-stripper\/\" title=\"Spectacle sp\u00e9cial Nain Stripper\">\n\t\t\t\t<img decoding=\"async\" width=\"290\" height=\"322\" src=\"https:\/\/strippersbarcelona.com\/wp-content\/uploads\/2023\/02\/enanito_01.jpeg\" class=\"attachment-full size-full wp-image-2197\" alt=\"Boy enano stripper Ideal para cenas de empresa divertidas y todo tipo de despedidas de soltero en Barcelona y fiestas privadas.\" srcset=\"https:\/\/strippersbarcelona.com\/wp-content\/uploads\/2023\/02\/enanito_01.jpeg 290w, https:\/\/strippersbarcelona.com\/wp-content\/uploads\/2023\/02\/enanito_01-270x300.jpeg 270w\" sizes=\"(max-width: 290px) 100vw, 290px\" \/>\t\t\t<\/a>\n\t\t<\/div>\n\t\t\n\t\t\t\t\n\t\t\t\t<div class=\"pp-post-content-wrap\">\n\t\t\t\t\t<div class=\"pp-post-content\">\n\t\t\t\t\t\t\t\t\t\t\t\t<h2 class=\"pp-post-title\">\n\t\t\t\t<a href=\"https:\/\/strippersbarcelona.com\/fr\/show-especial-enanito-stripper\/\">Spectacle sp\u00e9cial Nain Stripper<\/a>\t\t\t<\/h2>\n\t\t\t\t\t\t\t<div class=\"pp-post-excerpt\">\n\t\t\t\u00a0 Mini-Boy est le strip-teaseur le plus court, si vous voulez un spectacle diff\u00e9rent, un super strip-teaseur mais court, Miguelon...\t\t<\/div>\n\t\t\t\t\t\t\t\t\t<\/div>\n\t\t\t\t\t\t\t\t\t<a class=\"pp-posts-button elementor-button elementor-size-sm\" href=\"https:\/\/strippersbarcelona.com\/fr\/show-especial-enanito-stripper\/\" title=\"Spectacle sp\u00e9cial Nain Stripper\" aria-label=\"Read more about Spectacle sp\u00e9cial Nain Stripper\">\n\t\t\t\t\t\t\t\t\t\t<span class=\"pp-button-text\">\n\t\t\t\t\t+ INFO\t\t\t\t<\/span>\n\t\t\t\t\t\t\t\t\t<span class=\"pp-button-icon elementor-button-icon elementor-align-icon-right\">\n\t\t\t\t\t\t\t<\/span>\n\t\t\t\t\t<\/a>\n\t\t\t\t\t\t\t\t<\/div>\n\n\t\t\t\t\t\t\t<\/div>\n\t\t\t\t\t<\/div>\n\t\t\t\t<div class=\"pp-post-wrap pp-grid-item-wrap elementor-grid-item post-2652 post type-post status-publish format-standard has-post-thumbnail hentry category-cat-autres-spectacles category-cat-packs-dadieu tag-limousine-barcelone tag-tour-limousine-barcelone tag-tour-limousine-stripper\">\n\t\t\t\t\t\t<div class=\"pp-post pp-grid-item\">\n\t\t\t\t\t\t<div class=\"pp-post-thumbnail\">\n\t\t\t<a class=\"pp-post-thumbnail-wrap\" href=\"https:\/\/strippersbarcelona.com\/fr\/tour-limousine-stripper\/\" title=\"Tour limousine \u00e0 Barcelone + Stripper\">\n\t\t\t\t<img loading=\"lazy\" decoding=\"async\" width=\"2048\" height=\"1366\" src=\"https:\/\/strippersbarcelona.com\/wp-content\/uploads\/2023\/02\/WhatsApp-Image-2023-06-29-at-17.09.34.jpeg\" class=\"attachment-full size-full wp-image-3338\" alt=\"Show de stripteases en HAMMER limusina para todo tipo de despedidas de soltero en Barcelona y fiestas privadas.\" srcset=\"https:\/\/strippersbarcelona.com\/wp-content\/uploads\/2023\/02\/WhatsApp-Image-2023-06-29-at-17.09.34.jpeg 2048w, https:\/\/strippersbarcelona.com\/wp-content\/uploads\/2023\/02\/WhatsApp-Image-2023-06-29-at-17.09.34-300x200.jpeg 300w, https:\/\/strippersbarcelona.com\/wp-content\/uploads\/2023\/02\/WhatsApp-Image-2023-06-29-at-17.09.34-1024x683.jpeg 1024w, https:\/\/strippersbarcelona.com\/wp-content\/uploads\/2023\/02\/WhatsApp-Image-2023-06-29-at-17.09.34-768x512.jpeg 768w, https:\/\/strippersbarcelona.com\/wp-content\/uploads\/2023\/02\/WhatsApp-Image-2023-06-29-at-17.09.34-1536x1025.jpeg 1536w\" sizes=\"(max-width: 2048px) 100vw, 2048px\" \/>\t\t\t<\/a>\n\t\t<\/div>\n\t\t\n\t\t\t\t\n\t\t\t\t<div class=\"pp-post-content-wrap\">\n\t\t\t\t\t<div class=\"pp-post-content\">\n\t\t\t\t\t\t\t\t\t\t\t\t<h2 class=\"pp-post-title\">\n\t\t\t\t<a href=\"https:\/\/strippersbarcelona.com\/fr\/tour-limousine-stripper\/\">Tour limousine \u00e0 Barcelone + Stripper<\/a>\t\t\t<\/h2>\n\t\t\t\t\t\t\t<div class=\"pp-post-excerpt\">\n\t\t\t\u00a0 Tour limousine \u00e0 Barcelone + Stripper: Vous cherchez les meilleurs plans \u00e0 Barcelone avec limousine ? Vous ne pouvez...\t\t<\/div>\n\t\t\t\t\t\t\t\t\t<\/div>\n\t\t\t\t\t\t\t\t\t<a class=\"pp-posts-button elementor-button elementor-size-sm\" href=\"https:\/\/strippersbarcelona.com\/fr\/tour-limousine-stripper\/\" title=\"Tour limousine \u00e0 Barcelone + Stripper\" aria-label=\"Read more about Tour limousine \u00e0 Barcelone + Stripper\">\n\t\t\t\t\t\t\t\t\t\t<span class=\"pp-button-text\">\n\t\t\t\t\t+ INFO\t\t\t\t<\/span>\n\t\t\t\t\t\t\t\t\t<span class=\"pp-button-icon elementor-button-icon elementor-align-icon-right\">\n\t\t\t\t\t\t\t<\/span>\n\t\t\t\t\t<\/a>\n\t\t\t\t\t\t\t\t<\/div>\n\n\t\t\t\t\t\t\t<\/div>\n\t\t\t\t\t<\/div>\n\t\t\t\t<div class=\"pp-post-wrap pp-grid-item-wrap elementor-grid-item post-2517 post type-post status-publish format-standard has-post-thumbnail hentry category-cat-autres-spectacles\">\n\t\t\t\t\t\t<div class=\"pp-post pp-grid-item\">\n\t\t\t\t\t\t<div class=\"pp-post-thumbnail\">\n\t\t\t<a class=\"pp-post-thumbnail-wrap\" href=\"https:\/\/strippersbarcelona.com\/fr\/strip-morning\/\" title=\"Strip Morning\">\n\t\t\t\t<img loading=\"lazy\" decoding=\"async\" width=\"800\" height=\"800\" src=\"https:\/\/strippersbarcelona.com\/wp-content\/uploads\/2023\/02\/despertar-stripper.webp\" class=\"attachment-full size-full wp-image-4027\" alt=\"Strip Morning\" srcset=\"https:\/\/strippersbarcelona.com\/wp-content\/uploads\/2023\/02\/despertar-stripper.webp 800w, https:\/\/strippersbarcelona.com\/wp-content\/uploads\/2023\/02\/despertar-stripper-300x300.webp 300w, https:\/\/strippersbarcelona.com\/wp-content\/uploads\/2023\/02\/despertar-stripper-150x150.webp 150w, https:\/\/strippersbarcelona.com\/wp-content\/uploads\/2023\/02\/despertar-stripper-768x768.webp 768w\" sizes=\"(max-width: 800px) 100vw, 800px\" \/>\t\t\t<\/a>\n\t\t<\/div>\n\t\t\n\t\t\t\t\n\t\t\t\t<div class=\"pp-post-content-wrap\">\n\t\t\t\t\t<div class=\"pp-post-content\">\n\t\t\t\t\t\t\t\t\t\t\t\t<h2 class=\"pp-post-title\">\n\t\t\t\t<a href=\"https:\/\/strippersbarcelona.com\/fr\/strip-morning\/\">Strip Morning<\/a>\t\t\t<\/h2>\n\t\t\t\t\t\t\t<div class=\"pp-post-excerpt\">\n\t\t\t\u00a0 \u00a0 Striptease \u00e0 domicile.L'artiste vient vous r\u00e9veiller avec un show - show de 15 min.30 min de pr\u00e9sence pour...\t\t<\/div>\n\t\t\t\t\t\t\t\t\t<\/div>\n\t\t\t\t\t\t\t\t\t<a class=\"pp-posts-button elementor-button elementor-size-sm\" href=\"https:\/\/strippersbarcelona.com\/fr\/strip-morning\/\" title=\"Strip Morning\" aria-label=\"Read more about Strip Morning\">\n\t\t\t\t\t\t\t\t\t\t<span class=\"pp-button-text\">\n\t\t\t\t\t+ INFO\t\t\t\t<\/span>\n\t\t\t\t\t\t\t\t\t<span class=\"pp-button-icon elementor-button-icon elementor-align-icon-right\">\n\t\t\t\t\t\t\t<\/span>\n\t\t\t\t\t<\/a>\n\t\t\t\t\t\t\t\t<\/div>\n\n\t\t\t\t\t\t\t<\/div>\n\t\t\t\t\t<\/div>\n\t\t\t\t<div class=\"pp-post-wrap pp-grid-item-wrap elementor-grid-item post-2467 post type-post status-publish format-standard has-post-thumbnail hentry category-cat-autres-spectacles category-cat-blog-fr\">\n\t\t\t\t\t\t<div class=\"pp-post pp-grid-item\">\n\t\t\t\t\t\t<div class=\"pp-post-thumbnail\">\n\t\t\t<a class=\"pp-post-thumbnail-wrap\" href=\"https:\/\/strippersbarcelona.com\/fr\/show-especial-navidad\/\" title=\"Spectacle sp\u00e9cial No\u00ebl\">\n\t\t\t\t<img loading=\"lazy\" decoding=\"async\" width=\"290\" height=\"280\" src=\"https:\/\/strippersbarcelona.com\/wp-content\/uploads\/2023\/02\/navidad_01.jpg\" class=\"attachment-full size-full wp-image-2359\" alt=\"Show especial de stripteases Mama Noel y Papa Noel. Ideal para cenas de empresa divertidas y todo tipo de despedidas de soltero en Barcelona y fiestas privadas.\" \/>\t\t\t<\/a>\n\t\t<\/div>\n\t\t\n\t\t\t\t\n\t\t\t\t<div class=\"pp-post-content-wrap\">\n\t\t\t\t\t<div class=\"pp-post-content\">\n\t\t\t\t\t\t\t\t\t\t\t\t<h2 class=\"pp-post-title\">\n\t\t\t\t<a href=\"https:\/\/strippersbarcelona.com\/fr\/show-especial-navidad\/\">Spectacle sp\u00e9cial No\u00ebl<\/a>\t\t\t<\/h2>\n\t\t\t\t\t\t\t<div class=\"pp-post-excerpt\">\n\t\t\tVivez le No\u00ebl le plus sensuel avec ce spectacle sp\u00e9cial strip-tease de Mama Claus &amp; Santa Claus, id\u00e9al pour les...\t\t<\/div>\n\t\t\t\t\t\t\t\t\t<\/div>\n\t\t\t\t\t\t\t\t\t<a class=\"pp-posts-button elementor-button elementor-size-sm\" href=\"https:\/\/strippersbarcelona.com\/fr\/show-especial-navidad\/\" title=\"Spectacle sp\u00e9cial No\u00ebl\" aria-label=\"Read more about Spectacle sp\u00e9cial No\u00ebl\">\n\t\t\t\t\t\t\t\t\t\t<span class=\"pp-button-text\">\n\t\t\t\t\t+ INFO\t\t\t\t<\/span>\n\t\t\t\t\t\t\t\t\t<span class=\"pp-button-icon elementor-button-icon elementor-align-icon-right\">\n\t\t\t\t\t\t\t<\/span>\n\t\t\t\t\t<\/a>\n\t\t\t\t\t\t\t\t<\/div>\n\n\t\t\t\t\t\t\t<\/div>\n\t\t\t\t\t<\/div>\n\t\t\t\t\t\t\t\t\t<\/div>\n\t\t\t\n\t\t\t\n\t\t\t\n\t\t\t\n\t\t\t\t\t\t\t\t\t\t\t\t<\/div>\n\n\t\t\n\t\t\t\t\t\t<\/div>\n\t\t\t\t<\/div>\n\t\t\t\t\t<\/div>\n\t\t<\/div>\n\t\t\t\t\t<\/div>\n\t\t<\/section>\n\t\t\t\t<\/div>\n\t\t","protected":false},"excerpt":{"rendered":"<p>Engager Autres spectacles Drag Queens \u00a0 \u00a0 Nos Drag Queens sont d&rsquo;authentiques reines de la nuit barcelonaise avec des ann\u00e9es d&rsquo;exp\u00e9rience. Ils g\u00e8rent toutes sortes&#8230; + INFO TupperShow Le visage le plus dr\u00f4le des rencontres sexuelles tupper au prix le plus bas et sans obligation d&rsquo;achat. Un salon&#8230; + INFO TupperProfessionnel NOUVEAU\u00a0: TaperProfessional \u00ab\u00a0Quelque chose [&hellip;]<\/p>\n","protected":false},"author":2,"featured_media":0,"parent":0,"menu_order":0,"comment_status":"closed","ping_status":"closed","template":"","meta":{"_seopress_robots_primary_cat":"","_seopress_titles_title":"","_seopress_titles_desc":"","_seopress_robots_index":"","footnotes":""},"class_list":["post-2579","page","type-page","status-publish","hentry"],"_links":{"self":[{"href":"https:\/\/strippersbarcelona.com\/fr\/wp-json\/wp\/v2\/pages\/2579","targetHints":{"allow":["GET"]}}],"collection":[{"href":"https:\/\/strippersbarcelona.com\/fr\/wp-json\/wp\/v2\/pages"}],"about":[{"href":"https:\/\/strippersbarcelona.com\/fr\/wp-json\/wp\/v2\/types\/page"}],"author":[{"embeddable":true,"href":"https:\/\/strippersbarcelona.com\/fr\/wp-json\/wp\/v2\/users\/2"}],"replies":[{"embeddable":true,"href":"https:\/\/strippersbarcelona.com\/fr\/wp-json\/wp\/v2\/comments?post=2579"}],"version-history":[{"count":0,"href":"https:\/\/strippersbarcelona.com\/fr\/wp-json\/wp\/v2\/pages\/2579\/revisions"}],"wp:attachment":[{"href":"https:\/\/strippersbarcelona.com\/fr\/wp-json\/wp\/v2\/media?parent=2579"}],"curies":[{"name":"wp","href":"https:\/\/api.w.org\/{rel}","templated":true}]}}